{"id":1184,"date":"2015-03-02T11:26:49","date_gmt":"2015-03-02T11:26:49","guid":{"rendered":"http:\/\/desarrollo.codesu.com\/?page_id=1184"},"modified":"2015-04-17T11:45:16","modified_gmt":"2015-04-17T11:45:16","slug":"productos","status":"publish","type":"page","link":"http:\/\/www.codesu.com\/?page_id=1184","title":{"rendered":"Productos"},"content":{"rendered":"<p>[vc_row css=\u00bb.vc_custom_1425387981689{background-image: url(http:\/\/desarrollo.codesu.com\/wp-content\/uploads\/bg_electrical2.jpg?id=1270) !important;}\u00bb row_vertical_center=\u00bb1&#8243; bg_parallax=\u00bbon\u00bb row_min_height=\u00bb400&#8243; bg_slider=\u00bboff\u00bb bg_video=\u00bboff\u00bb bottom_button=\u00bboff\u00bb bottom_button_color=\u00bb#222222&#8243;][vc_column width=\u00bb1\/2&#8243;][vc_empty_space height=\u00bb65px\u00bb][vc_column_text]<\/p>\n<h5>En Codesu somos especialistas en Instrumentaci\u00f3n, regulaci\u00f3n, automatismos y repuestos electr\u00f3nicos, \u00a0fluidos o v\u00e1vuler\u00eda, entre otros.<\/h5>\n<h5><\/h5>\n<h5>Trabajamos para suministrarle todos los repuestos necesarios\u00a0para su empresa, dentro de una gran variedad de sectores industriales. Algunos de los m\u00e1s destacados son: Equipos y suministros para centrales e\u00f3licas, nucleares y el\u00e9ctricas, componentes para trenes y ferrocarril, as\u00ed como para acer\u00edas y refiner\u00edas, entre otros.<\/h5>\n<h5><\/h5>\n<h5>Cualquier componente\u00a0que pueda necesitar su proyecto nosotros nos encargamos de distribu\u00edrselo\u00a0en las mejores condiciones.<\/h5>\n<h5>En esta secci\u00f3n, puede encontrar un cat\u00e1logo de alguno de los repuestos industriales que suministramos. Si no encuentra el suyo dentro del cat\u00e1logo, no dude en contactar con nosotros.<\/h5>\n<p>[\/vc_column_text][\/vc_column][vc_column width=\u00bb1\/2&#8243;][\/vc_column][\/vc_row][vc_row][vc_column width=\u00bb1\/3&#8243;]<a href=\"\/?page_id=1272\" target=\"_self\" class=\"ozy-fancyimagebox \" id=\"fancybox-5391\">\n<img decoding=\"async\" src=\"http:\/\/www.codesu.com\/wp-content\/uploads\/equipos_de_medida.jpg\" alt=\"Equipos de Medida\"\/><section><h2 style=\"display:none\">Equipos de Medida<\/h2><section><span class=\"tag\">Ver m\u00e1s<\/span><h2>Equipos de Medida<\/h2><span class=\"line\"><\/span><p>Instrumentaci\u00f3n y equipos a medida<\/p><\/section><\/section>\n<\/a>[vc_empty_space height=\u00bb10px\u00bb][vc_column_text]Amper\u00edmetros, analizadores de gases, l\u00edquidos y gases, anem\u00f3metros, aparatos para medici\u00f3n de fluidos y mucho m\u00e1s[\/vc_column_text][\/vc_column][vc_column width=\u00bb1\/3&#8243;]<a href=\"\/?page_id=1333\" target=\"_self\" class=\"ozy-fancyimagebox \" id=\"fancybox-2109\">\n<img decoding=\"async\" src=\"http:\/\/www.codesu.com\/wp-content\/uploads\/electricos.jpg\" alt=\"El\u00e9ctricos\"\/><section><h2 style=\"display:none\">El\u00e9ctricos<\/h2><section><span class=\"tag\">ver m\u00e1s<\/span><h2>El\u00e9ctricos<\/h2><span class=\"line\"><\/span><p>Cables y accesorios<\/p><\/section><\/section>\n<\/a>[vc_empty_space height=\u00bb10px\u00bb][vc_column_text]Cables de altas temperaturas, de transmisi\u00f3n de datos, cables coaxiales, terminales pre-aislados, diodos y resistencias, entre otros muchos componentes.[\/vc_column_text][\/vc_column][vc_column width=\u00bb1\/3&#8243;]<a href=\"\/?page_id=1345\" target=\"_self\" class=\"ozy-fancyimagebox \" id=\"fancybox-5183\">\n<img decoding=\"async\" src=\"http:\/\/www.codesu.com\/wp-content\/uploads\/maquinaria.jpg\" alt=\"Maquinaria\"\/><section><h2 style=\"display:none\">Maquinaria<\/h2><section><span class=\"tag\">ver m\u00e1s<\/span><h2>Maquinaria<\/h2><span class=\"line\"><\/span><p>Maquinarias y repuestos<\/p><\/section><\/section>\n<\/a>[vc_empty_space height=\u00bb10px\u00bb][vc_column_text]Lijadoras, equipos de soldadura, rebordeadoras, pistolas de pintado, tornos y plastos u muchos otros repuestos y m\u00e1quinas industriales.[\/vc_column_text][\/vc_column][\/vc_row][vc_row][vc_column width=\u00bb1\/3&#8243;]<a href=\"\/?page_id=1353\" target=\"_self\" class=\"ozy-fancyimagebox \" id=\"fancybox-3289\">\n<img decoding=\"async\" src=\"http:\/\/www.codesu.com\/wp-content\/uploads\/potencia.jpg\" alt=\"Potencia\"\/><section><h2 style=\"display:none\">Potencia<\/h2><section><span class=\"tag\">ver m\u00e1s<\/span><h2>Potencia<\/h2><span class=\"line\"><\/span><p>Transmisi\u00f3n de potencia<\/p><\/section><\/section>\n<\/a>[vc_empty_space height=\u00bb10px\u00bb][vc_column_text]Rodamientos de agujas, bolas y rodillos, rodamientos de automoci\u00f3n, gu\u00edas linieales, acoplamientos y transportadores, entre otros.[\/vc_column_text][\/vc_column][vc_column width=\u00bb1\/3&#8243;]<a href=\"\/?page_id=1362\" target=\"_self\" class=\"ozy-fancyimagebox \" id=\"fancybox-1090\">\n<img decoding=\"async\" src=\"http:\/\/www.codesu.com\/wp-content\/uploads\/valvuleria.jpg\" alt=\"Valvuler\u00eda\"\/><section><h2 style=\"display:none\">Valvuler\u00eda<\/h2><section><span class=\"tag\">ver m\u00e1s<\/span><h2>Valvuler\u00eda<\/h2><span class=\"line\"><\/span><p>Valvuler\u00eda, filtraci\u00f3n, calefacci\u00f3n<\/p><\/section><\/section>\n<\/a>[vc_empty_space height=\u00bb10px\u00bb][vc_column_text]V\u00e1lvulas y electrov\u00e1lvulas, cartuchos filtrantes, empaquetadoras y juntas, bombas-medidores de temperatura, tuber\u00edas de presi\u00f3n. Descubre m\u00e1s aqu\u00ed.[\/vc_column_text][\/vc_column][vc_column width=\u00bb1\/3&#8243;]<a href=\"\/?page_id=1367\" target=\"_self\" class=\"ozy-fancyimagebox \" id=\"fancybox-3089\">\n<img decoding=\"async\" src=\"http:\/\/www.codesu.com\/wp-content\/uploads\/soldaduras.jpg\" alt=\"Soldadura\"\/><section><h2 style=\"display:none\">Soldadura<\/h2><section><span class=\"tag\">ver m\u00e1s<\/span><h2>Soldadura<\/h2><span class=\"line\"><\/span><p>Soldaduras, varios<\/p><\/section><\/section>\n<\/a>[vc_empty_space height=\u00bb10px\u00bb][vc_column_text]Electrodos y grupos electr\u00f3genos, soldaduras TIC\/MIG y todo lo necesario para la realizaci\u00f3n de soldadura.[\/vc_column_text][\/vc_column][\/vc_row][vc_row][vc_column width=\u00bb1\/3&#8243;]<a href=\"\/?page_id=1373\" target=\"_self\" class=\"ozy-fancyimagebox \" id=\"fancybox-2776\">\n<img decoding=\"async\" src=\"http:\/\/www.codesu.com\/wp-content\/uploads\/seguridad.jpg\" alt=\"Seguridad\"\/><section><h2 style=\"display:none\">Seguridad<\/h2><section><span class=\"tag\">ver m\u00e1s<\/span><h2>Seguridad<\/h2><span class=\"line\"><\/span><p>Material de seguridad<\/p><\/section><\/section>\n<\/a>[vc_empty_space height=\u00bb10px\u00bb][vc_column_text]Elementos de protecci\u00f3n individual, bancos de trabajo, equipos de medida est\u00e1ticos, aislamientos de explosi\u00f3n, y muchos art\u00edculos m\u00e1s.[\/vc_column_text][\/vc_column][vc_column width=\u00bb1\/3&#8243;]<a href=\"\/?page_id=1427\" target=\"_self\" class=\"ozy-fancyimagebox \" id=\"fancybox-7766\">\n<img decoding=\"async\" src=\"http:\/\/www.codesu.com\/wp-content\/uploads\/otros.jpg\" alt=\"Otros Productos\"\/><section><h2 style=\"display:none\">Otros Productos<\/h2><section><span class=\"tag\">ver m\u00e1s<\/span><h2>Otros Productos<\/h2><span class=\"line\"><\/span><p>Herramientas, materiales f\u00e9rricos<\/p><\/section><\/section>\n<\/a>[vc_empty_space height=\u00bb10px\u00bb][vc_column_text]Herramientas de mano, torniller\u00eda inoxidable, materiales no f\u00e9rricos, P.V.C y m\u00e1s.[\/vc_column_text][\/vc_column][vc_column width=\u00bb1\/3&#8243;][\/vc_column][\/vc_row]<\/p>\n","protected":false},"excerpt":{"rendered":"<p>[vc_row css=\u00bb.vc_custom_1425387981689{background-image: url(http:\/\/desarrollo.codesu.com\/wp-content\/uploads\/bg_electrical2.jpg?id=1270) !important;}\u00bb row_vertical_center=\u00bb1&#8243; bg_parallax=\u00bbon\u00bb row_min_height=\u00bb400&#8243; bg_slider=\u00bboff\u00bb bg_video=\u00bboff\u00bb bottom_button=\u00bboff\u00bb bottom_button_color=\u00bb#222222&#8243;][vc_column width=\u00bb1\/2&#8243;][vc_empty_space height=\u00bb65px\u00bb][vc_column_text] En Codesu somos especialistas en Instrumentaci\u00f3n, regulaci\u00f3n, automatismos y repuestos electr\u00f3nicos, \u00a0fluidos o v\u00e1vuler\u00eda, entre otros. Trabajamos [&hellip;]<\/p>\n","protected":false},"author":1,"featured_media":0,"parent":0,"menu_order":0,"comment_status":"open","ping_status":"open","template":"","meta":{"footnotes":""},"_links":{"self":[{"href":"http:\/\/www.codesu.com\/index.php?rest_route=\/wp\/v2\/pages\/1184"}],"collection":[{"href":"http:\/\/www.codesu.com\/index.php?rest_route=\/wp\/v2\/pages"}],"about":[{"href":"http:\/\/www.codesu.com\/index.php?rest_route=\/wp\/v2\/types\/page"}],"author":[{"embeddable":true,"href":"http:\/\/www.codesu.com\/index.php?rest_route=\/wp\/v2\/users\/1"}],"replies":[{"embeddable":true,"href":"http:\/\/www.codesu.com\/index.php?rest_route=%2Fwp%2Fv2%2Fcomments&post=1184"}],"version-history":[{"count":38,"href":"http:\/\/www.codesu.com\/index.php?rest_route=\/wp\/v2\/pages\/1184\/revisions"}],"predecessor-version":[{"id":1722,"href":"http:\/\/www.codesu.com\/index.php?rest_route=\/wp\/v2\/pages\/1184\/revisions\/1722"}],"wp:attachment":[{"href":"http:\/\/www.codesu.com\/index.php?rest_route=%2Fwp%2Fv2%2Fmedia&parent=1184"}],"curies":[{"name":"wp","href":"https:\/\/api.w.org\/{rel}","templated":true}]}}