{"id":575,"date":"2014-11-11T19:17:05","date_gmt":"2014-11-11T19:17:05","guid":{"rendered":"http:\/\/logistic.freevision.me\/?page_id=575"},"modified":"2015-04-23T12:20:47","modified_gmt":"2015-04-23T12:20:47","slug":"home-corporate","status":"publish","type":"page","link":"http:\/\/www.codesu.com\/","title":{"rendered":"Inicio"},"content":{"rendered":"<p>[vc_row css=\u00bb.vc_custom_1429791523208{margin-top: 0px !important;margin-right: 0px !important;margin-bottom: 0px !important;margin-left: 0px !important;padding-top: 70px !important;padding-right: 70px !important;padding-bottom: 70px !important;padding-left: 70px !important;background-color: #000000 !important;}\u00bb bg_parallax=\u00bboff\u00bb bg_video=\u00bboff\u00bb bottom_button=\u00bboff\u00bb bottom_button_color=\u00bb#222222&#8243; bg_slider=\u00bbon\u00bb bg_slider_images=\u00bb1407,1412,1324&#8243; font_color=\u00bb#18214d\u00bb row_fullwidth=\u00bb1&#8243; bg_slider_size=\u00bbfull\u00bb][vc_column width=\u00bb1\/1&#8243; font_color=\u00bb#18214d\u00bb][vc_column_text css=\u00bb.vc_custom_1427704822423{margin-bottom: 0px !important;padding-bottom: 0px !important;}\u00bb]<\/p>\n<h1 style=\"text-align: center;\">EXPERTOS EN SUMINISTRO DE REPUESTOS, EQUIPOS \u00a0Y SISTEMAS INDUSTRIALES<\/h1>\n<h4 style=\"text-align: center;\">Equipos\u00a0para Acer\u00edas, Refiner\u00edas, Transporte ferroviario, Centrales energ\u00e9ticas, Plantas de carga de gas, y muchas m\u00e1s.<\/h4>\n<p>[\/vc_column_text][vc_row_inner css=\u00bb.vc_custom_1416176578535{padding-top: 280px !important;}\u00bb][vc_column_inner width=\u00bb1\/3&#8243;]<div class=\"ozy-simlple-info-box \" id=\"simple-info-box-5522\" ><section><h5>Suministro de<\/h5><h2>Repuestos<\/h2><p>Suministro de repuestos y componentes industriales de m\u00e1s de 350 fabricantes<\/p><a href=\"http:\/\/www.codesu.com\/?page_id=1184\" target=\"_self\">Ver M\u00e1s<\/a>\n<\/section>\n<\/div>[\/vc_column_inner][vc_column_inner width=\u00bb1\/3&#8243;]<div class=\"ozy-simlple-info-box \" id=\"simple-info-box-7899\" ><section><h5>Codesu<\/h5><h2>Presencia Global<\/h2><p>Oficinas y agentes especializados en Alemania, Francia, Inglaterra, EE.UU y Jap\u00f3n.<\/p><a href=\"http:\/\/www.codesu.com\/?page_id=61\" target=\"_self\">VER M\u00c1S<\/a>\n<\/section>\n<\/div>[\/vc_column_inner][vc_column_inner width=\u00bb1\/3&#8243;]<div class=\"ozy-simlple-info-box \" id=\"simple-info-box-2882\" ><section><h5>Experiencia<\/h5><h2>Trayectoria<\/h2><p>M\u00e1s de 20 a\u00f1os suministrando componentes a todos los sectores de la industria.<\/p><a href=\"http:\/\/www.codesu.com\/?page_id=1140\" target=\"_self\">VER M\u00c1S<\/a>\n<\/section>\n<\/div>[\/vc_column_inner][\/vc_row_inner][\/vc_column][\/vc_row]<\/p>\n","protected":false},"excerpt":{"rendered":"<p>[vc_row css=\u00bb.vc_custom_1429791523208{margin-top: 0px !important;margin-right: 0px !important;margin-bottom: 0px !important;margin-left: 0px !important;padding-top: 70px !important;padding-right: 70px !important;padding-bottom: 70px !important;padding-left: 70px !important;background-color: #000000 !important;}\u00bb bg_parallax=\u00bboff\u00bb bg_video=\u00bboff\u00bb bottom_button=\u00bboff\u00bb bottom_button_color=\u00bb#222222&#8243; bg_slider=\u00bbon\u00bb bg_slider_images=\u00bb1407,1412,1324&#8243; font_color=\u00bb#18214d\u00bb row_fullwidth=\u00bb1&#8243; bg_slider_size=\u00bbfull\u00bb][vc_column width=\u00bb1\/1&#8243; [&hellip;]<\/p>\n","protected":false},"author":1,"featured_media":0,"parent":0,"menu_order":0,"comment_status":"open","ping_status":"open","template":"page-fixed-contact.php","meta":{"footnotes":""},"_links":{"self":[{"href":"http:\/\/www.codesu.com\/index.php?rest_route=\/wp\/v2\/pages\/575"}],"collection":[{"href":"http:\/\/www.codesu.com\/index.php?rest_route=\/wp\/v2\/pages"}],"about":[{"href":"http:\/\/www.codesu.com\/index.php?rest_route=\/wp\/v2\/types\/page"}],"author":[{"embeddable":true,"href":"http:\/\/www.codesu.com\/index.php?rest_route=\/wp\/v2\/users\/1"}],"replies":[{"embeddable":true,"href":"http:\/\/www.codesu.com\/index.php?rest_route=%2Fwp%2Fv2%2Fcomments&post=575"}],"version-history":[{"count":69,"href":"http:\/\/www.codesu.com\/index.php?rest_route=\/wp\/v2\/pages\/575\/revisions"}],"predecessor-version":[{"id":1647,"href":"http:\/\/www.codesu.com\/index.php?rest_route=\/wp\/v2\/pages\/575\/revisions\/1647"}],"wp:attachment":[{"href":"http:\/\/www.codesu.com\/index.php?rest_route=%2Fwp%2Fv2%2Fmedia&parent=575"}],"curies":[{"name":"wp","href":"https:\/\/api.w.org\/{rel}","templated":true}]}}